{"id":4312,"date":"2025-05-15T14:19:11","date_gmt":"2025-05-15T06:19:11","guid":{"rendered":"https:\/\/ldlasergroup.com\/?page_id=4312"},"modified":"2025-05-28T16:19:05","modified_gmt":"2025-05-28T08:19:05","slug":"recruitment","status":"publish","type":"page","link":"https:\/\/ldlasergroup.com\/es\/recruitment\/","title":{"rendered":"Contrataci\u00f3n"},"content":{"rendered":"<div data-elementor-type=\"wp-page\" data-elementor-id=\"4312\" class=\"elementor elementor-4312\" data-elementor-settings=\"{&quot;ha_cmc_init_switcher&quot;:&quot;no&quot;}\" data-elementor-post-type=\"page\">\n\t\t\t\t<div class=\"elementor-element elementor-element-04c9a3d e-con-full e-flex wpr-particle-no wpr-jarallax-no wpr-parallax-no wpr-sticky-section-no wpr-equal-height-no e-con e-parent\" data-id=\"04c9a3d\" data-element_type=\"container\" data-e-type=\"container\" data-settings=\"{&quot;background_background&quot;:&quot;classic&quot;,&quot;_ha_eqh_enable&quot;:false}\">\n\t\t<div class=\"elementor-element elementor-element-081a3fc e-flex e-con-boxed wpr-particle-no wpr-jarallax-no wpr-parallax-no wpr-sticky-section-no wpr-equal-height-no e-con e-child\" data-id=\"081a3fc\" data-element_type=\"container\" data-e-type=\"container\" data-settings=\"{&quot;_ha_eqh_enable&quot;:false}\">\n\t\t\t\t\t<div class=\"e-con-inner\">\n\t\t\t\t<div class=\"elementor-element elementor-element-3d655cc elementor-widget elementor-widget-heading\" data-id=\"3d655cc\" data-element_type=\"widget\" data-e-type=\"widget\" data-widget_type=\"heading.default\">\n\t\t\t\t<div class=\"elementor-widget-container\">\n\t\t\t\t\t<h2 class=\"elementor-heading-title elementor-size-default\">\u00danase a LD LASER<\/h2>\t\t\t\t<\/div>\n\t\t\t\t<\/div>\n\t\t\t\t<div class=\"elementor-element elementor-element-e28fb5e elementor-widget elementor-widget-text-editor\" data-id=\"e28fb5e\" data-element_type=\"widget\" data-e-type=\"widget\" data-widget_type=\"text-editor.default\">\n\t\t\t\t<div class=\"elementor-widget-container\">\n\t\t\t\t\t\t\t\t\t<p>La fabricaci\u00f3n inteligente china se globaliza<\/p>\t\t\t\t\t\t\t\t<\/div>\n\t\t\t\t<\/div>\n\t\t\t\t\t<\/div>\n\t\t\t\t<\/div>\n\t\t\t\t<\/div>\n\t\t<div class=\"elementor-element elementor-element-9a45ef0 e-flex e-con-boxed wpr-particle-no wpr-jarallax-no wpr-parallax-no wpr-sticky-section-no wpr-equal-height-no e-con e-parent\" data-id=\"9a45ef0\" data-element_type=\"container\" data-e-type=\"container\" data-settings=\"{&quot;_ha_eqh_enable&quot;:false}\">\n\t\t\t\t\t<div class=\"e-con-inner\">\n\t\t<div class=\"elementor-element elementor-element-89292b2 e-con-full e-flex wpr-particle-no wpr-jarallax-no wpr-parallax-no wpr-sticky-section-no wpr-equal-height-no e-con e-child\" data-id=\"89292b2\" data-element_type=\"container\" data-e-type=\"container\" data-settings=\"{&quot;background_background&quot;:&quot;classic&quot;,&quot;_ha_eqh_enable&quot;:false}\">\n\t\t\t\t<div class=\"elementor-element elementor-element-3485e9e elementor-widget elementor-widget-text-editor\" data-id=\"3485e9e\" data-element_type=\"widget\" data-e-type=\"widget\" data-widget_type=\"text-editor.default\">\n\t\t\t\t<div class=\"elementor-widget-container\">\n\t\t\t\t\t\t\t\t\t<p class=\"my-0\">En LD LASER, somos una empresa de alta tecnolog\u00eda en r\u00e1pido crecimiento que valora el talento. Si te apasiona la fabricaci\u00f3n y el campo del l\u00e1ser, \u00a1te invitamos a unirte a nosotros! Ofrecemos puestos desafiantes, un amplio margen de crecimiento profesional e incentivos justos y abiertos.<\/p><p class=\"my-0\">Valoramos el talento y nos comprometemos a:<\/p><ul class=\"marker:text-textOff list-disc\"><li><p class=\"my-0\"><strong>Elegir<\/strong>\u00a0las personas adecuadas<\/p><\/li><li><p class=\"my-0\"><strong>Potenciar<\/strong>\u00a0en las funciones adecuadas<\/p><\/li><li><p class=\"my-0\"><strong>En<\/strong>\u00a0las m\u00e1ximas oportunidades<\/p><\/li><li><p class=\"my-0\"><strong>Reconocer<\/strong>\u00a0sus logros<\/p><\/li><\/ul><p class=\"my-0\">Si buscas liberar tu potencial en una empresa din\u00e1mica, llena de retos y valores, con un fuerte esp\u00edritu emprendedor, LD LASER te da la bienvenida.<\/p>\t\t\t\t\t\t\t\t<\/div>\n\t\t\t\t<\/div>\n\t\t\t\t<\/div>\n\t\t\t\t\t<\/div>\n\t\t\t\t<\/div>\n\t\t<div class=\"elementor-element elementor-element-6369918 e-flex e-con-boxed wpr-particle-no wpr-jarallax-no wpr-parallax-no wpr-sticky-section-no wpr-equal-height-no e-con e-parent\" data-id=\"6369918\" data-element_type=\"container\" data-e-type=\"container\" data-settings=\"{&quot;_ha_eqh_enable&quot;:false}\">\n\t\t\t\t\t<div class=\"e-con-inner\">\n\t\t<div class=\"elementor-element elementor-element-b12fe77 e-grid e-con-full wpr-particle-no wpr-jarallax-no wpr-parallax-no wpr-sticky-section-no wpr-equal-height-no e-con e-child\" data-id=\"b12fe77\" data-element_type=\"container\" data-e-type=\"container\" data-settings=\"{&quot;_ha_eqh_enable&quot;:false}\">\n\t\t\t\t<div class=\"elementor-element elementor-element-1d81e29 elementor-widget elementor-widget-image\" data-id=\"1d81e29\" data-element_type=\"widget\" data-e-type=\"widget\" data-widget_type=\"image.default\">\n\t\t\t\t<div class=\"elementor-widget-container\">\n\t\t\t\t\t\t\t\t\t\t\t\t\t\t\t<img decoding=\"async\" width=\"204\" height=\"204\" src=\"https:\/\/ldlasergroup.com\/wp-content\/uploads\/2025\/05\/boss.png\" class=\"attachment-full size-full wp-image-4321\" alt=\"boss\" srcset=\"https:\/\/ldlasergroup.com\/wp-content\/uploads\/2025\/05\/boss.png 204w, https:\/\/ldlasergroup.com\/wp-content\/uploads\/2025\/05\/boss-150x150.png 150w\" sizes=\"(max-width: 204px) 100vw, 204px\" \/>\t\t\t\t\t\t\t\t\t\t\t\t\t\t\t<\/div>\n\t\t\t\t<\/div>\n\t\t\t\t<div class=\"elementor-element elementor-element-25cf591 elementor-widget elementor-widget-image\" data-id=\"25cf591\" data-element_type=\"widget\" data-e-type=\"widget\" data-widget_type=\"image.default\">\n\t\t\t\t<div class=\"elementor-widget-container\">\n\t\t\t\t\t\t\t\t\t\t\t\t\t\t\t<img decoding=\"async\" width=\"204\" height=\"204\" src=\"https:\/\/ldlasergroup.com\/wp-content\/uploads\/2025\/05\/liepin.png\" class=\"attachment-full size-full wp-image-4319\" alt=\"liepin\" srcset=\"https:\/\/ldlasergroup.com\/wp-content\/uploads\/2025\/05\/liepin.png 204w, https:\/\/ldlasergroup.com\/wp-content\/uploads\/2025\/05\/liepin-150x150.png 150w\" sizes=\"(max-width: 204px) 100vw, 204px\" \/>\t\t\t\t\t\t\t\t\t\t\t\t\t\t\t<\/div>\n\t\t\t\t<\/div>\n\t\t\t\t<div class=\"elementor-element elementor-element-9e8140d elementor-widget elementor-widget-image\" data-id=\"9e8140d\" data-element_type=\"widget\" data-e-type=\"widget\" data-widget_type=\"image.default\">\n\t\t\t\t<div class=\"elementor-widget-container\">\n\t\t\t\t\t\t\t\t\t\t\t\t\t\t\t<img decoding=\"async\" width=\"204\" height=\"204\" src=\"https:\/\/ldlasergroup.com\/wp-content\/uploads\/2025\/05\/pin.png\" class=\"attachment-full size-full wp-image-4317\" alt=\"pin\" srcset=\"https:\/\/ldlasergroup.com\/wp-content\/uploads\/2025\/05\/pin.png 204w, https:\/\/ldlasergroup.com\/wp-content\/uploads\/2025\/05\/pin-150x150.png 150w\" sizes=\"(max-width: 204px) 100vw, 204px\" \/>\t\t\t\t\t\t\t\t\t\t\t\t\t\t\t<\/div>\n\t\t\t\t<\/div>\n\t\t\t\t<\/div>\n\t\t\t\t\t<\/div>\n\t\t\t\t<\/div>\n\t\t\t\t<\/div>","protected":false},"excerpt":{"rendered":"<p>Join LD LASER Witness Chinese smart manufacturing going global At LD LASER, we&#8217;re a rapidly growing high-tech enterprise that values talent. If you&#8217;re passionate about manufacturing and the laser field, we invite you to join us! We offer challenging positions, ample room for professional growth, and fair, open incentives. We value talent and are committed to: Choosing\u00a0the right people Empowering\u00a0them in the right roles Providing\u00a0them maximum opportunity Recognizing\u00a0their achievements If you&#8217;re seeking to unlock your potential in a dynamic, challenging, and value-driven company with a strong entrepreneurial spirit, LD LASER welcomes you!<\/p>","protected":false},"author":1,"featured_media":0,"parent":0,"menu_order":0,"comment_status":"closed","ping_status":"closed","template":"","meta":{"_seopress_robots_primary_cat":"","_seopress_titles_title":"","_seopress_titles_desc":"","_seopress_robots_index":"","_themeisle_gutenberg_block_has_review":false,"footnotes":""},"class_list":["post-4312","page","type-page","status-publish","hentry"],"_links":{"self":[{"href":"https:\/\/ldlasergroup.com\/es\/wp-json\/wp\/v2\/pages\/4312","targetHints":{"allow":["GET"]}}],"collection":[{"href":"https:\/\/ldlasergroup.com\/es\/wp-json\/wp\/v2\/pages"}],"about":[{"href":"https:\/\/ldlasergroup.com\/es\/wp-json\/wp\/v2\/types\/page"}],"author":[{"embeddable":true,"href":"https:\/\/ldlasergroup.com\/es\/wp-json\/wp\/v2\/users\/1"}],"replies":[{"embeddable":true,"href":"https:\/\/ldlasergroup.com\/es\/wp-json\/wp\/v2\/comments?post=4312"}],"version-history":[{"count":22,"href":"https:\/\/ldlasergroup.com\/es\/wp-json\/wp\/v2\/pages\/4312\/revisions"}],"predecessor-version":[{"id":5655,"href":"https:\/\/ldlasergroup.com\/es\/wp-json\/wp\/v2\/pages\/4312\/revisions\/5655"}],"wp:attachment":[{"href":"https:\/\/ldlasergroup.com\/es\/wp-json\/wp\/v2\/media?parent=4312"}],"curies":[{"name":"wp","href":"https:\/\/api.w.org\/{rel}","templated":true}]}}