{"id":4312,"date":"2025-05-15T14:19:11","date_gmt":"2025-05-15T06:19:11","guid":{"rendered":"https:\/\/ldlasergroup.com\/?page_id=4312"},"modified":"2025-05-28T16:19:05","modified_gmt":"2025-05-28T08:19:05","slug":"recruitment","status":"publish","type":"page","link":"https:\/\/ldlasergroup.com\/pt\/recruitment\/","title":{"rendered":"Recrutamento"},"content":{"rendered":"<style>.elementor-4312 .elementor-element.elementor-element-04c9a3d{--display:flex;--min-height:600px;--flex-direction:column;--container-widget-width:100%;--container-widget-height:initial;--container-widget-flex-grow:0;--container-widget-align-self:initial;--flex-wrap-mobile:wrap;--justify-content:center;--overlay-opacity:0.6;--padding-top:0px;--padding-bottom:0px;--padding-left:0px;--padding-right:0px;}.elementor-4312 .elementor-element.elementor-element-04c9a3d:not(.elementor-motion-effects-element-type-background), .elementor-4312 .elementor-element.elementor-element-04c9a3d > .elementor-motion-effects-container > .elementor-motion-effects-layer{background-image:url(\"https:\/\/ldlasergroup.com\/wp-content\/uploads\/2025\/05\/company-activities-5-scaled.jpg\");background-position:0px -400px;}.elementor-4312 .elementor-element.elementor-element-04c9a3d::before, .elementor-4312 .elementor-element.elementor-element-04c9a3d > .elementor-background-video-container::before, .elementor-4312 .elementor-element.elementor-element-04c9a3d > .e-con-inner > .elementor-background-video-container::before, .elementor-4312 .elementor-element.elementor-element-04c9a3d > .elementor-background-slideshow::before, .elementor-4312 .elementor-element.elementor-element-04c9a3d > .e-con-inner > .elementor-background-slideshow::before, .elementor-4312 .elementor-element.elementor-element-04c9a3d > .elementor-motion-effects-container > .elementor-motion-effects-layer::before{--background-overlay:'';background-color:#000000;}.elementor-4312 .elementor-element.elementor-element-081a3fc{--display:flex;--overlay-opacity:0.5;--padding-top:0px;--padding-bottom:0px;--padding-left:150px;--padding-right:150px;}.elementor-4312 .elementor-element.elementor-element-081a3fc::before, .elementor-4312 .elementor-element.elementor-element-081a3fc > .elementor-background-video-container::before, .elementor-4312 .elementor-element.elementor-element-081a3fc > .e-con-inner > .elementor-background-video-container::before, .elementor-4312 .elementor-element.elementor-element-081a3fc > .elementor-background-slideshow::before, .elementor-4312 .elementor-element.elementor-element-081a3fc > .e-con-inner > .elementor-background-slideshow::before, .elementor-4312 .elementor-element.elementor-element-081a3fc > .elementor-motion-effects-container > .elementor-motion-effects-layer::before{--background-overlay:'';}.elementor-4312 .elementor-element.elementor-element-3d655cc .elementor-heading-title{color:var( --e-global-color-d047d19 );}.elementor-4312 .elementor-element.elementor-element-e28fb5e{color:var( --e-global-color-d047d19 );}.elementor-4312 .elementor-element.elementor-element-9a45ef0{--display:flex;--min-height:500px;--flex-direction:column;--container-widget-width:calc( ( 1 - var( --container-widget-flex-grow ) ) * 100% );--container-widget-height:initial;--container-widget-flex-grow:0;--container-widget-align-self:initial;--flex-wrap-mobile:wrap;--justify-content:center;--align-items:center;--padding-top:40px;--padding-bottom:40px;--padding-left:40px;--padding-right:40px;}.elementor-4312 .elementor-element.elementor-element-89292b2{--display:flex;--min-height:380px;--justify-content:center;--align-items:center;--container-widget-width:calc( ( 1 - var( --container-widget-flex-grow ) ) * 100% );--overlay-opacity:0.5;--border-radius:15px 15px 15px 15px;--padding-top:47px;--padding-bottom:47px;--padding-left:47px;--padding-right:47px;}.elementor-4312 .elementor-element.elementor-element-89292b2:not(.elementor-motion-effects-element-type-background), .elementor-4312 .elementor-element.elementor-element-89292b2 > .elementor-motion-effects-container > .elementor-motion-effects-layer{background-image:url(\"https:\/\/ldlasergroup.com\/wp-content\/uploads\/2025\/05\/recruitment.jpg\");background-position:top center;background-size:cover;}.elementor-4312 .elementor-element.elementor-element-89292b2::before, .elementor-4312 .elementor-element.elementor-element-89292b2 > .elementor-background-video-container::before, .elementor-4312 .elementor-element.elementor-element-89292b2 > .e-con-inner > .elementor-background-video-container::before, .elementor-4312 .elementor-element.elementor-element-89292b2 > .elementor-background-slideshow::before, .elementor-4312 .elementor-element.elementor-element-89292b2 > .e-con-inner > .elementor-background-slideshow::before, .elementor-4312 .elementor-element.elementor-element-89292b2 > .elementor-motion-effects-container > .elementor-motion-effects-layer::before{--background-overlay:'';background-color:#000000;}.elementor-4312 .elementor-element.elementor-element-3485e9e{color:var( --e-global-color-d047d19 );}.elementor-4312 .elementor-element.elementor-element-6369918{--display:flex;--flex-direction:column;--container-widget-width:100%;--container-widget-height:initial;--container-widget-flex-grow:0;--container-widget-align-self:initial;--flex-wrap-mobile:wrap;}.elementor-4312 .elementor-element.elementor-element-b12fe77{--display:grid;--e-con-grid-template-columns:repeat(3, 1fr);--e-con-grid-template-rows:repeat(1, 1fr);--grid-auto-flow:row;}:root{--page-title-display:none;}@media(min-width:768px){.elementor-4312 .elementor-element.elementor-element-89292b2{--width:89%;}}@media(max-width:1024px){.elementor-4312 .elementor-element.elementor-element-04c9a3d:not(.elementor-motion-effects-element-type-background), .elementor-4312 .elementor-element.elementor-element-04c9a3d > .elementor-motion-effects-container > .elementor-motion-effects-layer{background-position:0px 0px;}.elementor-4312 .elementor-element.elementor-element-b12fe77{--grid-auto-flow:row;}}@media(max-width:767px){.elementor-4312 .elementor-element.elementor-element-04c9a3d:not(.elementor-motion-effects-element-type-background), .elementor-4312 .elementor-element.elementor-element-04c9a3d > .elementor-motion-effects-container > .elementor-motion-effects-layer{background-position:0px 0px;}.elementor-4312 .elementor-element.elementor-element-9a45ef0{--padding-top:10px;--padding-bottom:10px;--padding-left:10px;--padding-right:10px;}.elementor-4312 .elementor-element.elementor-element-89292b2{--padding-top:25px;--padding-bottom:25px;--padding-left:25px;--padding-right:25px;}.elementor-4312 .elementor-element.elementor-element-b12fe77{--e-con-grid-template-columns:repeat(1, 1fr);--grid-auto-flow:row;}}<\/style>\t\t<div data-elementor-type=\"wp-page\" data-elementor-id=\"4312\" class=\"elementor elementor-4312\" data-elementor-settings=\"{&quot;ha_cmc_init_switcher&quot;:&quot;no&quot;}\" data-elementor-post-type=\"page\">\n\t\t\t\t<div class=\"elementor-element elementor-element-04c9a3d e-con-full e-flex wpr-particle-no wpr-jarallax-no wpr-parallax-no wpr-sticky-section-no wpr-equal-height-no e-con e-parent\" data-id=\"04c9a3d\" data-element_type=\"container\" data-e-type=\"container\" data-settings=\"{&quot;background_background&quot;:&quot;classic&quot;,&quot;_ha_eqh_enable&quot;:false}\">\n\t\t<div class=\"elementor-element elementor-element-081a3fc e-flex e-con-boxed wpr-particle-no wpr-jarallax-no wpr-parallax-no wpr-sticky-section-no wpr-equal-height-no e-con e-child\" data-id=\"081a3fc\" data-element_type=\"container\" data-e-type=\"container\" data-settings=\"{&quot;_ha_eqh_enable&quot;:false}\">\n\t\t\t\t\t<div class=\"e-con-inner\">\n\t\t\t\t<div class=\"elementor-element elementor-element-3d655cc elementor-widget elementor-widget-heading\" data-id=\"3d655cc\" data-element_type=\"widget\" data-e-type=\"widget\" data-widget_type=\"heading.default\">\n\t\t\t\t<div class=\"elementor-widget-container\">\n\t\t\t\t\t<h2 class=\"elementor-heading-title elementor-size-default\">Junte-se ao LD LASER<\/h2>\t\t\t\t<\/div>\n\t\t\t\t<\/div>\n\t\t\t\t<div class=\"elementor-element elementor-element-e28fb5e elementor-widget elementor-widget-text-editor\" data-id=\"e28fb5e\" data-element_type=\"widget\" data-e-type=\"widget\" data-widget_type=\"text-editor.default\">\n\t\t\t\t<div class=\"elementor-widget-container\">\n\t\t\t\t\t\t\t\t\t<p>Testemunho de que o fabrico inteligente chin\u00eas est\u00e1 a tornar-se global<\/p>\t\t\t\t\t\t\t\t<\/div>\n\t\t\t\t<\/div>\n\t\t\t\t\t<\/div>\n\t\t\t\t<\/div>\n\t\t\t\t<\/div>\n\t\t<div class=\"elementor-element elementor-element-9a45ef0 e-flex e-con-boxed wpr-particle-no wpr-jarallax-no wpr-parallax-no wpr-sticky-section-no wpr-equal-height-no e-con e-parent\" data-id=\"9a45ef0\" data-element_type=\"container\" data-e-type=\"container\" data-settings=\"{&quot;_ha_eqh_enable&quot;:false}\">\n\t\t\t\t\t<div class=\"e-con-inner\">\n\t\t<div class=\"elementor-element elementor-element-89292b2 e-con-full e-flex wpr-particle-no wpr-jarallax-no wpr-parallax-no wpr-sticky-section-no wpr-equal-height-no e-con e-child\" data-id=\"89292b2\" data-element_type=\"container\" data-e-type=\"container\" data-settings=\"{&quot;background_background&quot;:&quot;classic&quot;,&quot;_ha_eqh_enable&quot;:false}\">\n\t\t\t\t<div class=\"elementor-element elementor-element-3485e9e elementor-widget elementor-widget-text-editor\" data-id=\"3485e9e\" data-element_type=\"widget\" data-e-type=\"widget\" data-widget_type=\"text-editor.default\">\n\t\t\t\t<div class=\"elementor-widget-container\">\n\t\t\t\t\t\t\t\t\t<p class=\"my-0\">Na LD LASER, somos uma empresa de alta tecnologia em r\u00e1pido crescimento que valoriza o talento. Se tem paix\u00e3o pelo fabrico e pelo campo do laser, convidamo-lo a juntar-se a n\u00f3s! Oferecemos cargos desafiadores, amplo espa\u00e7o para crescimento profissional e incentivos justos e abertos.<\/p><p class=\"my-0\">Valorizamos o talento e estamos empenhados em:<\/p><ul class=\"marker:text-textOff list-disc\"><li><p class=\"my-0\"><strong>Escolher<\/strong>\u00a0as pessoas certas<\/p><\/li><li><p class=\"my-0\"><strong>Capacita\u00e7\u00e3o<\/strong>\u00a0os seus pap\u00e9is corretos<\/p><\/li><li><p class=\"my-0\"><strong>Fornecimento<\/strong>\u00a0a m\u00e1xima oportunidade<\/p><\/li><li><p class=\"my-0\"><strong>Reconhecer<\/strong>\u00a0as suas realiza\u00e7\u00f5es<\/p><\/li><\/ul><p class=\"my-0\">Se procura desenvolver o seu potencial numa empresa din\u00e2mica, desafiante e orientada para os valores, com um forte esp\u00edrito empresarial, a LD LASER d\u00e1-lhe as boas-vindas!<\/p>\t\t\t\t\t\t\t\t<\/div>\n\t\t\t\t<\/div>\n\t\t\t\t<\/div>\n\t\t\t\t\t<\/div>\n\t\t\t\t<\/div>\n\t\t<div class=\"elementor-element elementor-element-6369918 e-flex e-con-boxed wpr-particle-no wpr-jarallax-no wpr-parallax-no wpr-sticky-section-no wpr-equal-height-no e-con e-parent\" data-id=\"6369918\" data-element_type=\"container\" data-e-type=\"container\" data-settings=\"{&quot;_ha_eqh_enable&quot;:false}\">\n\t\t\t\t\t<div class=\"e-con-inner\">\n\t\t<div class=\"elementor-element elementor-element-b12fe77 e-grid e-con-full wpr-particle-no wpr-jarallax-no wpr-parallax-no wpr-sticky-section-no wpr-equal-height-no e-con e-child\" data-id=\"b12fe77\" data-element_type=\"container\" data-e-type=\"container\" data-settings=\"{&quot;_ha_eqh_enable&quot;:false}\">\n\t\t\t\t<div class=\"elementor-element elementor-element-1d81e29 elementor-widget elementor-widget-image\" data-id=\"1d81e29\" data-element_type=\"widget\" data-e-type=\"widget\" data-widget_type=\"image.default\">\n\t\t\t\t<div class=\"elementor-widget-container\">\n\t\t\t\t\t\t\t\t\t\t\t\t\t\t\t<img decoding=\"async\" width=\"204\" height=\"204\" src=\"https:\/\/ldlasergroup.com\/wp-content\/uploads\/2025\/05\/boss.png\" class=\"attachment-full size-full wp-image-4321\" alt=\"boss\" srcset=\"https:\/\/ldlasergroup.com\/wp-content\/uploads\/2025\/05\/boss.png 204w, https:\/\/ldlasergroup.com\/wp-content\/uploads\/2025\/05\/boss-150x150.png 150w\" sizes=\"(max-width: 204px) 100vw, 204px\" \/>\t\t\t\t\t\t\t\t\t\t\t\t\t\t\t<\/div>\n\t\t\t\t<\/div>\n\t\t\t\t<div class=\"elementor-element elementor-element-25cf591 elementor-widget elementor-widget-image\" data-id=\"25cf591\" data-element_type=\"widget\" data-e-type=\"widget\" data-widget_type=\"image.default\">\n\t\t\t\t<div class=\"elementor-widget-container\">\n\t\t\t\t\t\t\t\t\t\t\t\t\t\t\t<img decoding=\"async\" width=\"204\" height=\"204\" src=\"https:\/\/ldlasergroup.com\/wp-content\/uploads\/2025\/05\/liepin.png\" class=\"attachment-full size-full wp-image-4319\" alt=\"liepin\" srcset=\"https:\/\/ldlasergroup.com\/wp-content\/uploads\/2025\/05\/liepin.png 204w, https:\/\/ldlasergroup.com\/wp-content\/uploads\/2025\/05\/liepin-150x150.png 150w\" sizes=\"(max-width: 204px) 100vw, 204px\" \/>\t\t\t\t\t\t\t\t\t\t\t\t\t\t\t<\/div>\n\t\t\t\t<\/div>\n\t\t\t\t<div class=\"elementor-element elementor-element-9e8140d elementor-widget elementor-widget-image\" data-id=\"9e8140d\" data-element_type=\"widget\" data-e-type=\"widget\" data-widget_type=\"image.default\">\n\t\t\t\t<div class=\"elementor-widget-container\">\n\t\t\t\t\t\t\t\t\t\t\t\t\t\t\t<img decoding=\"async\" width=\"204\" height=\"204\" src=\"https:\/\/ldlasergroup.com\/wp-content\/uploads\/2025\/05\/pin.png\" class=\"attachment-full size-full wp-image-4317\" alt=\"pin\" srcset=\"https:\/\/ldlasergroup.com\/wp-content\/uploads\/2025\/05\/pin.png 204w, https:\/\/ldlasergroup.com\/wp-content\/uploads\/2025\/05\/pin-150x150.png 150w\" sizes=\"(max-width: 204px) 100vw, 204px\" \/>\t\t\t\t\t\t\t\t\t\t\t\t\t\t\t<\/div>\n\t\t\t\t<\/div>\n\t\t\t\t<\/div>\n\t\t\t\t\t<\/div>\n\t\t\t\t<\/div>\n\t\t\t\t<\/div>","protected":false},"excerpt":{"rendered":"<p>Join LD LASER Witness Chinese smart manufacturing going global At LD LASER, we&#8217;re a rapidly growing high-tech enterprise that values talent. If you&#8217;re passionate about manufacturing and the laser field, we invite you to join us! We offer challenging positions, ample room for professional growth, and fair, open incentives. We value talent and are committed to: Choosing\u00a0the right people Empowering\u00a0them in the right roles Providing\u00a0them maximum opportunity Recognizing\u00a0their achievements If you&#8217;re seeking to unlock your potential in a dynamic, challenging, and value-driven company with a strong entrepreneurial spirit, LD LASER welcomes you!<\/p>","protected":false},"author":1,"featured_media":0,"parent":0,"menu_order":0,"comment_status":"closed","ping_status":"closed","template":"","meta":{"_seopress_robots_primary_cat":"","_seopress_titles_title":"","_seopress_titles_desc":"","_seopress_robots_index":"","_themeisle_gutenberg_block_has_review":false,"footnotes":""},"class_list":["post-4312","page","type-page","status-publish","hentry"],"_links":{"self":[{"href":"https:\/\/ldlasergroup.com\/pt\/wp-json\/wp\/v2\/pages\/4312","targetHints":{"allow":["GET"]}}],"collection":[{"href":"https:\/\/ldlasergroup.com\/pt\/wp-json\/wp\/v2\/pages"}],"about":[{"href":"https:\/\/ldlasergroup.com\/pt\/wp-json\/wp\/v2\/types\/page"}],"author":[{"embeddable":true,"href":"https:\/\/ldlasergroup.com\/pt\/wp-json\/wp\/v2\/users\/1"}],"replies":[{"embeddable":true,"href":"https:\/\/ldlasergroup.com\/pt\/wp-json\/wp\/v2\/comments?post=4312"}],"version-history":[{"count":22,"href":"https:\/\/ldlasergroup.com\/pt\/wp-json\/wp\/v2\/pages\/4312\/revisions"}],"predecessor-version":[{"id":5655,"href":"https:\/\/ldlasergroup.com\/pt\/wp-json\/wp\/v2\/pages\/4312\/revisions\/5655"}],"wp:attachment":[{"href":"https:\/\/ldlasergroup.com\/pt\/wp-json\/wp\/v2\/media?parent=4312"}],"curies":[{"name":"wp","href":"https:\/\/api.w.org\/{rel}","templated":true}]}}